{"id":11,"date":"2023-01-14T17:29:54","date_gmt":"2023-01-14T16:29:54","guid":{"rendered":"https:\/\/www.wsypa.pl\/?page_id=11"},"modified":"2023-01-14T17:29:54","modified_gmt":"2023-01-14T16:29:54","slug":"strona-glowna","status":"publish","type":"page","link":"https:\/\/www.wsypa.pl\/","title":{"rendered":"Strona g\u0142\u00f3wna"},"content":{"rendered":"\n\t\t\t<div class=\"wp-block-cover\" style=\"background-image:url(https:\/\/www.wsypa.pl\/wp-content\/uploads\/2023\/01\/other-small.jpg)\"><div class=\"wp-block-cover__inner-container is-layout-flow wp-block-cover-is-layout-flow\">\n\t\t\t<p class=\"has-text-align-center has-large-font-size\">Witamy w sklepie<\/p>\n\t\t\t\n\n\t\t\t\n\t\t\t<p class=\"has-text-color has-text-align-center\">Napisz kr\u00f3tk\u0105 wiadomo\u015b\u0107 powitaln\u0105<\/p>\n\t\t\t\n\n\t\t\t\n\t\t\t<div class=\"wp-block-buttons is-content-justification-center is-layout-flex wp-container-core-buttons-is-layout-16018d1d wp-block-buttons-is-layout-flex\">\n\t\t\t<div class=\"wp-block-button\"><a class=\"wp-block-button__link\" href=\"https:\/\/www.wsypa.pl\/?page_id=6\">Przejd\u017a do zakup\u00f3w<\/a><\/div>\n\t\t\t<\/div>\n\t\t\t<\/div><\/div>\n\t\t\t\n\t\t\n\t\t<h2 class=\"wp-block-heading\" style=\"text-align:center\">Nowe produkty<\/h2>\n\t\t\n\n\t\t \n\t\t\t<div class=\"wp-block-media-text alignwide has-media-on-the-right\"\"><figure class=\"wp-block-media-text__media\"><img loading=\"lazy\" decoding=\"async\" width=\"1920\" height=\"1280\" src=\"https:\/\/www.wsypa.pl\/wp-content\/uploads\/2023\/01\/other-small.jpg\" alt=\"\" class=\"wp-image-12\" srcset=\"https:\/\/www.wsypa.pl\/wp-content\/uploads\/2023\/01\/other-small.jpg 1920w, https:\/\/www.wsypa.pl\/wp-content\/uploads\/2023\/01\/other-small-300x200.jpg 300w, https:\/\/www.wsypa.pl\/wp-content\/uploads\/2023\/01\/other-small-1024x683.jpg 1024w, https:\/\/www.wsypa.pl\/wp-content\/uploads\/2023\/01\/other-small-768x512.jpg 768w, https:\/\/www.wsypa.pl\/wp-content\/uploads\/2023\/01\/other-small-1536x1024.jpg 1536w, https:\/\/www.wsypa.pl\/wp-content\/uploads\/2023\/01\/other-small-416x277.jpg 416w\" sizes=\"auto, (max-width: 1920px) 100vw, 1920px\" \/><\/figure><div class=\"wp-block-media-text__content\">\n\t\t\t<p class=\"has-large-font-size\"><\/p>\n\t\t\t<\/div><\/div>\n\t\t\t\n\t\t\t<div class=\"wp-block-media-text alignwide\"\"><figure class=\"wp-block-media-text__media\"><img loading=\"lazy\" decoding=\"async\" width=\"1920\" height=\"1280\" src=\"https:\/\/www.wsypa.pl\/wp-content\/uploads\/2023\/01\/other-small.jpg\" alt=\"\" class=\"wp-image-12\" srcset=\"https:\/\/www.wsypa.pl\/wp-content\/uploads\/2023\/01\/other-small.jpg 1920w, https:\/\/www.wsypa.pl\/wp-content\/uploads\/2023\/01\/other-small-300x200.jpg 300w, https:\/\/www.wsypa.pl\/wp-content\/uploads\/2023\/01\/other-small-1024x683.jpg 1024w, https:\/\/www.wsypa.pl\/wp-content\/uploads\/2023\/01\/other-small-768x512.jpg 768w, https:\/\/www.wsypa.pl\/wp-content\/uploads\/2023\/01\/other-small-1536x1024.jpg 1536w, https:\/\/www.wsypa.pl\/wp-content\/uploads\/2023\/01\/other-small-416x277.jpg 416w\" sizes=\"auto, (max-width: 1920px) 100vw, 1920px\" \/><\/figure><div class=\"wp-block-media-text__content\">\n\t\t\t<p class=\"has-large-font-size\"><\/p>\n\t\t\t<\/div><\/div>\n\t\t\t\n\t\t\t<div class=\"wp-block-media-text alignwide has-media-on-the-right\"\"><figure class=\"wp-block-media-text__media\"><img loading=\"lazy\" decoding=\"async\" width=\"1920\" height=\"1280\" src=\"https:\/\/www.wsypa.pl\/wp-content\/uploads\/2023\/01\/other-small.jpg\" alt=\"\" class=\"wp-image-12\" srcset=\"https:\/\/www.wsypa.pl\/wp-content\/uploads\/2023\/01\/other-small.jpg 1920w, https:\/\/www.wsypa.pl\/wp-content\/uploads\/2023\/01\/other-small-300x200.jpg 300w, https:\/\/www.wsypa.pl\/wp-content\/uploads\/2023\/01\/other-small-1024x683.jpg 1024w, https:\/\/www.wsypa.pl\/wp-content\/uploads\/2023\/01\/other-small-768x512.jpg 768w, https:\/\/www.wsypa.pl\/wp-content\/uploads\/2023\/01\/other-small-1536x1024.jpg 1536w, https:\/\/www.wsypa.pl\/wp-content\/uploads\/2023\/01\/other-small-416x277.jpg 416w\" sizes=\"auto, (max-width: 1920px) 100vw, 1920px\" \/><\/figure><div class=\"wp-block-media-text__content\">\n\t\t\t<p class=\"has-large-font-size\"><\/p>\n\t\t\t<\/div><\/div>\n\t\t\t\n\n\t\t","protected":false},"excerpt":{"rendered":"<p>Nowe produkty<\/p>\n","protected":false},"author":1,"featured_media":0,"parent":0,"menu_order":0,"comment_status":"closed","ping_status":"closed","template":"template-fullwidth.php","meta":{"footnotes":""},"class_list":["post-11","page","type-page","status-publish","hentry"],"_links":{"self":[{"href":"https:\/\/www.wsypa.pl\/index.php?rest_route=\/wp\/v2\/pages\/11","targetHints":{"allow":["GET"]}}],"collection":[{"href":"https:\/\/www.wsypa.pl\/index.php?rest_route=\/wp\/v2\/pages"}],"about":[{"href":"https:\/\/www.wsypa.pl\/index.php?rest_route=\/wp\/v2\/types\/page"}],"author":[{"embeddable":true,"href":"https:\/\/www.wsypa.pl\/index.php?rest_route=\/wp\/v2\/users\/1"}],"replies":[{"embeddable":true,"href":"https:\/\/www.wsypa.pl\/index.php?rest_route=%2Fwp%2Fv2%2Fcomments&post=11"}],"version-history":[{"count":1,"href":"https:\/\/www.wsypa.pl\/index.php?rest_route=\/wp\/v2\/pages\/11\/revisions"}],"predecessor-version":[{"id":13,"href":"https:\/\/www.wsypa.pl\/index.php?rest_route=\/wp\/v2\/pages\/11\/revisions\/13"}],"wp:attachment":[{"href":"https:\/\/www.wsypa.pl\/index.php?rest_route=%2Fwp%2Fv2%2Fmedia&parent=11"}],"curies":[{"name":"wp","href":"https:\/\/api.w.org\/{rel}","templated":true}]}}